{"id":9,"date":"2020-09-05T16:41:39","date_gmt":"2020-09-05T14:41:39","guid":{"rendered":"http:\/\/touristortraveler.eu\/?page_id=9"},"modified":"2020-10-11T20:28:57","modified_gmt":"2020-10-11T19:28:57","slug":"about","status":"publish","type":"page","link":"https:\/\/touristortraveler.eu\/index.php\/about\/","title":{"rendered":"Sobre"},"content":{"rendered":"\n<p>Um casal com dois filhos, que gosta de passear, sempre que poss\u00edvel. Passear de qualquer modo: a p\u00e9, de bicicleta, de kayak, de carro, comboio, autocaravana ou avi\u00e3o! O que \u00e9 importante \u00e9 poder ir, ver e usufruir de tudo o que nos rodeia, tentando evitar os clich\u00e9s tanto quanto o poss\u00edvel e assimilar o m\u00e1ximo do que cada local nos queira oferecer..<\/p>\n","protected":false},"excerpt":{"rendered":"<p>Um casal com dois filhos, que gosta de passear, sempre que poss\u00edvel. Passear de qualquer modo: a p\u00e9, de bicicleta, de kayak, de carro, comboio, autocaravana ou avi\u00e3o! O que \u00e9 importante \u00e9 poder ir, ver e usufruir de tudo o que nos rodeia, tentando evitar os clich\u00e9s tanto quanto o poss\u00edvel e assimilar o &hellip; <\/p>\n<p class=\"link-more\"><a href=\"https:\/\/touristortraveler.eu\/index.php\/about\/\" class=\"more-link\">Continuar a ler <span class=\"screen-reader-text\">&#8220;Sobre&#8221;<\/span><\/a><\/p>\n","protected":false},"author":1,"featured_media":68,"parent":0,"menu_order":0,"comment_status":"closed","ping_status":"closed","template":"","meta":{"footnotes":""},"class_list":["post-9","page","type-page","status-publish","has-post-thumbnail","hentry"],"_links":{"self":[{"href":"https:\/\/touristortraveler.eu\/index.php\/wp-json\/wp\/v2\/pages\/9","targetHints":{"allow":["GET"]}}],"collection":[{"href":"https:\/\/touristortraveler.eu\/index.php\/wp-json\/wp\/v2\/pages"}],"about":[{"href":"https:\/\/touristortraveler.eu\/index.php\/wp-json\/wp\/v2\/types\/page"}],"author":[{"embeddable":true,"href":"https:\/\/touristortraveler.eu\/index.php\/wp-json\/wp\/v2\/users\/1"}],"replies":[{"embeddable":true,"href":"https:\/\/touristortraveler.eu\/index.php\/wp-json\/wp\/v2\/comments?post=9"}],"version-history":[{"count":10,"href":"https:\/\/touristortraveler.eu\/index.php\/wp-json\/wp\/v2\/pages\/9\/revisions"}],"predecessor-version":[{"id":148,"href":"https:\/\/touristortraveler.eu\/index.php\/wp-json\/wp\/v2\/pages\/9\/revisions\/148"}],"wp:featuredmedia":[{"embeddable":true,"href":"https:\/\/touristortraveler.eu\/index.php\/wp-json\/wp\/v2\/media\/68"}],"wp:attachment":[{"href":"https:\/\/touristortraveler.eu\/index.php\/wp-json\/wp\/v2\/media?parent=9"}],"curies":[{"name":"wp","href":"https:\/\/api.w.org\/{rel}","templated":true}]}}