{"id":8,"date":"2020-09-05T16:41:39","date_gmt":"2020-09-05T14:41:39","guid":{"rendered":"http:\/\/touristortraveler.eu\/?page_id=8"},"modified":"2020-10-11T19:17:20","modified_gmt":"2020-10-11T18:17:20","slug":"home","status":"publish","type":"page","link":"https:\/\/touristortraveler.eu\/","title":{"rendered":"Ponto de partida"},"content":{"rendered":"\n<p>H\u00e1 muitos, muitos anos atr\u00e1s, ainda jovens, dois malucos j\u00e1 demonstravam algum apetite por escapadinhas e viagens fora da caixa. Inicialmente com mapas impressos, que ajudaram a encontrar muitas curiosidades por a\u00ed semeadas (por vezes fruto do acaso ou enganos), passando para navegadores instalados nos predecessores dos atuais smartphones, que introduziram alguma previsibilidade e fiabilidade nas rotas tra\u00e7adas, culminando em solu\u00e7\u00f5es baseadas na nuvem, que permitem pesquisar, planear e otimizar percursos tendo em conta as agendas por vezes apertadas.<\/p>\n\n\n\n<p>Com o passar dos anos, pass\u00e1mos de viagens com t\u00f3picos e objetivos alto n\u00edvel para pequenos projetos, onde percursos, tempo e toda a log\u00edstica inerente \u00e0s viagens s\u00e3o acautelados. Pelo caminho, tivemos a sorte de se juntarem a n\u00f3s mais dois malucos que, desde pequenos, t\u00eam-nos conseguido acompanhar nas nossas pequenas aventuras.<\/p>\n\n\n\n<p>Temos viajado de mil formas. Curiosamente, com o passar do tempo, tendemos a voltar \u00e0s origens. De viagens muito baseadas em carro e outros meios de locomo\u00e7\u00e3o motorizada, pass\u00e1mos a preferir cada vez mais aquelas que requerem algum tipo de atividade f\u00edsica. Perdemos poder de progress\u00e3o, mas ganh\u00e1mos na forma em como conseguimos apreender o que nos rodeia..<\/p>\n","protected":false},"excerpt":{"rendered":"<p>H\u00e1 muitos, muitos anos atr\u00e1s, ainda jovens, dois malucos j\u00e1 demonstravam algum apetite por escapadinhas e viagens fora da caixa. Inicialmente com mapas impressos, que ajudaram a encontrar muitas curiosidades por a\u00ed semeadas (por vezes fruto do acaso ou enganos), passando para navegadores instalados nos predecessores dos atuais smartphones, que introduziram alguma previsibilidade e fiabilidade &hellip; <\/p>\n<p class=\"link-more\"><a href=\"https:\/\/touristortraveler.eu\/\" class=\"more-link\">Continuar a ler <span class=\"screen-reader-text\">&#8220;Ponto de partida&#8221;<\/span><\/a><\/p>\n","protected":false},"author":1,"featured_media":0,"parent":0,"menu_order":0,"comment_status":"closed","ping_status":"closed","template":"","meta":{"footnotes":""},"class_list":["post-8","page","type-page","status-publish","hentry"],"_links":{"self":[{"href":"https:\/\/touristortraveler.eu\/index.php\/wp-json\/wp\/v2\/pages\/8","targetHints":{"allow":["GET"]}}],"collection":[{"href":"https:\/\/touristortraveler.eu\/index.php\/wp-json\/wp\/v2\/pages"}],"about":[{"href":"https:\/\/touristortraveler.eu\/index.php\/wp-json\/wp\/v2\/types\/page"}],"author":[{"embeddable":true,"href":"https:\/\/touristortraveler.eu\/index.php\/wp-json\/wp\/v2\/users\/1"}],"replies":[{"embeddable":true,"href":"https:\/\/touristortraveler.eu\/index.php\/wp-json\/wp\/v2\/comments?post=8"}],"version-history":[{"count":18,"href":"https:\/\/touristortraveler.eu\/index.php\/wp-json\/wp\/v2\/pages\/8\/revisions"}],"predecessor-version":[{"id":135,"href":"https:\/\/touristortraveler.eu\/index.php\/wp-json\/wp\/v2\/pages\/8\/revisions\/135"}],"wp:attachment":[{"href":"https:\/\/touristortraveler.eu\/index.php\/wp-json\/wp\/v2\/media?parent=8"}],"curies":[{"name":"wp","href":"https:\/\/api.w.org\/{rel}","templated":true}]}}